{"id":5,"date":"2016-08-29T08:26:28","date_gmt":"2016-08-29T08:26:28","guid":{"rendered":"https:\/\/arcrentacar.com.tr\/?page_id=5"},"modified":"2025-06-20T19:25:01","modified_gmt":"2025-06-20T16:25:01","slug":"home-wide","status":"publish","type":"page","link":"https:\/\/arcrentacar.com.tr\/","title":{"rendered":"Home Wide"},"content":{"rendered":"<div class=\"wpb-content-wrapper\"><p>[vc_row][vc_column][vc_empty_space height=&#8221;0.55em&#8221;]<div id=\"sc_services_530050623_wrap\" class=\"sc_services_wrap\"><div id=\"sc_services_530050623\" class=\"sc_services sc_services_style_services-1 sc_services_type_images  margin_top_huge margin_bottom_huge\" style=\"width:100%;\"><h2 class=\"sc_services_title sc_item_title sc_item_title_without_descr\">En iyi Transfer \u0130\u00e7in Do\u011fru Yerdesiniz.<\/h2><div class=\"sc_columns columns_wrap\"><div class=\"column-1_2 column_padding_bottom\">\t\t\t<div id=\"sc_services_530050623_1\"\t\t\t\tclass=\"sc_services_item sc_services_item_1 odd first\"\n\t\t\t\t>\n\t\t\t\t\t\t\t\t\t<div class=\"sc_services_item_featured post_featured\">\n\t\t\t\t\t\t\t<div class=\"post_thumb\" data-image=\"https:\/\/arcrentacar.com.tr\/wp-content\/uploads\/2016\/08\/welcome_img1A.jpg\" data-title=\"Vip Transfer\">\n\t<a class=\"hover_icon hover_icon_link\" href=\"https:\/\/arcrentacar.com.tr\/?services=business-rentals\"><img loading=\"lazy\" decoding=\"async\" class=\"wp-post-image\" width=\"740\" height=\"260\" alt=\"Vip Transfer\" src=\"https:\/\/arcrentacar.com.tr\/wp-content\/uploads\/2016\/08\/welcome_img1A-740x260.jpg\"><\/a>\t<\/div>\n\t\t\t\t\t\t<\/div>\n\t\t\t\t\t\t\t\t\t<div class=\"sc_services_item_content\">\n\t\t\t\t\t<h4 class=\"sc_services_item_title\"><a href=\"https:\/\/arcrentacar.com.tr\/?services=business-rentals\">Vip Transfer<\/a><\/h4>\n\t\t\t\t\t<div class=\"sc_services_item_description\">\n\t\t\t\t\t\t<p>Arc Vip Transfer, konforunu d\u00fc\u015f\u00fcnen ve sadece Antalya\u2019n\u0131n g\u00fczelliklerine odaklanmak isteyen misafirlere \u00f6zel Vip Transfer hizmetleri sunuyor.<\/p>\t\t\t\t\t<\/div>\n\t\t\t\t<\/div>\n\t\t\t<\/div>\n\t\t<\/div><div class=\"column-1_2 column_padding_bottom\">\t\t\t<div id=\"sc_services_530050623_2\"\t\t\t\tclass=\"sc_services_item sc_services_item_2 even\"\n\t\t\t\t>\n\t\t\t\t\t\t\t\t\t<div class=\"sc_services_item_featured post_featured\">\n\t\t\t\t\t\t\t<div class=\"post_thumb\" data-image=\"https:\/\/arcrentacar.com.tr\/wp-content\/uploads\/2023\/12\/antalya-rent-a-car-5a9989b664c9e.jpg\" data-title=\"Ara\u00e7 Kiralama\">\n\t<a class=\"hover_icon hover_icon_link\" href=\"https:\/\/arcrentacar.com.tr\/?services=luxury-rentals\"><img loading=\"lazy\" decoding=\"async\" class=\"wp-post-image\" width=\"700\" height=\"260\" alt=\"Ara\u00e7 Kiralama\" src=\"https:\/\/arcrentacar.com.tr\/wp-content\/uploads\/2023\/12\/antalya-rent-a-car-5a9989b664c9e-700x260.jpg\"><\/a>\t<\/div>\n\t\t\t\t\t\t<\/div>\n\t\t\t\t\t\t\t\t\t<div class=\"sc_services_item_content\">\n\t\t\t\t\t<h4 class=\"sc_services_item_title\"><a href=\"https:\/\/arcrentacar.com.tr\/?services=luxury-rentals\">Ara\u00e7 Kiralama<\/a><\/h4>\n\t\t\t\t\t<div class=\"sc_services_item_description\">\n\t\t\t\t\t\t<p>Filomuzda bulunan son model ara\u00e7lar\u0131yla ekonomik orta ve l\u00fcks ara\u00e7 se\u00e7ene\u011fini \u015fof\u00f6rl\u00fc ve \u015fof\u00f6rs\u00fcz hizmetleriyle birle\u015ftiren firmam\u0131z\u0131n m\u00fc\u015fteri...<\/p>\t\t\t\t\t<\/div>\n\t\t\t\t<\/div>\n\t\t\t<\/div>\n\t\t<\/div><\/div><\/div><!-- \/.sc_services --><\/div><!-- \/.sc_services_wrap -->[vc_empty_space height=&#8221;0.6em&#8221;][\/vc_column][\/vc_row][vc_row full_width=&#8221;stretch_row_content_no_spaces&#8221; css=&#8221;.vc_custom_1472809257034{background-color: #f2f2f2 !important;}&#8221;][vc_column width=&#8221;1\/2&#8243;]<div class=\"sc_section margin_right_medium margin_bottom_null alignright column-4_7\"><div class=\"sc_section_inner\"><div class=\"sc_section_content_wrap\">[vc_empty_space height=&#8221;1.9em&#8221;]<h2 class=\"sc_title sc_title_regular margin_top_large margin_bottom_medium\">Neden Arc ?<\/h2><div class=\"columns_wrap sc_columns columns_nofluid sc_columns_count_7\"><div class=\"column-3_7 sc_column_item sc_column_item_1 odd first span_3\">[vc_empty_space height=&#8221;1.4em&#8221;]<div class=\"sc_section margin_top_tiny\"><div class=\"sc_section_inner\"><div class=\"sc_section_content_wrap\"><span class=\"sc_icon icon-ok alignleft margin_top_null margin_right_tiny margin_bottom_null\" style=\"display:block;color:#e95f2b;\"><\/span><span class=\"sc_highlight\" style=\"font-size:1.143em; line-height: 1em;\">Son model ara\u00e7lar<\/span><\/div><\/div><\/div>[vc_empty_space height=&#8221;0.6em&#8221;]<div class=\"sc_section margin_top_tiny\"><div class=\"sc_section_inner\"><div class=\"sc_section_content_wrap\"><span class=\"sc_icon icon-ok alignleft margin_top_null margin_right_tiny margin_bottom_null\" style=\"display:block;color:#e95f2b;\"><\/span><span class=\"sc_highlight\" style=\"font-size:1.143em; line-height: 1em;\">Ekonomik Transferler<\/span><\/div><\/div><\/div>[vc_empty_space height=&#8221;0.6em&#8221;]<div class=\"sc_section margin_top_tiny\"><div class=\"sc_section_inner\"><div class=\"sc_section_content_wrap\"><span class=\"sc_icon icon-ok alignleft margin_top_null margin_right_tiny margin_bottom_null\" style=\"display:block;color:#e95f2b;\"><\/span><span class=\"sc_highlight\" style=\"font-size:1.143em; line-height: 1em;\">G\u00fcvenli<\/span><\/div><\/div><\/div>[vc_empty_space height=&#8221;0.6em&#8221;]<div class=\"sc_section margin_top_tiny margin_bottom_large\"><div class=\"sc_section_inner\"><div class=\"sc_section_content_wrap\"><span class=\"sc_icon icon-ok alignleft margin_top_null margin_right_tiny margin_bottom_null\" style=\"display:block;color:#e95f2b;\"><\/span><span class=\"sc_highlight\" style=\"font-size:1.143em; line-height: 1em;\">Online 24 \/ 7 Support<\/span><\/div><\/div><\/div><\/div><div class=\"column-4_7 sc_column_item sc_column_item_4 even span_4 after_span_3\"><figure class=\"sc_image  alignleft sc_image_shape_square margin_top_null margin_right_null margin_bottom_medium margin_left_null\"><img decoding=\"async\" src=\"https:\/\/arcrentacar.com.tr\/wp-content\/uploads\/2016\/08\/why_img.jpg\" alt=\"\" \/><\/figure><\/div><\/div><a href=\"\/vehicles\/\" class=\"sc_button sc_button_square sc_button_style_filled sc_button_size_small sc_button_style_dark margin_top_tiny- margin_bottom_huge\">Transfer Ara\u00e7 Talebi<\/a><\/div><\/div><\/div>[\/vc_column][vc_column width=&#8221;1\/2&#8243; css=&#8221;.vc_custom_1473059450910{padding-left: 13px !important;}&#8221;]<div id=\"sc_call_to_action_586809679\" class=\"sc_call_to_action cta_inverse_color sc_call_to_action_style_1 sc_call_to_action_align_center\" style=\"width:100%;\"><div class=\"sc_call_to_action_featured\"><img loading=\"lazy\" decoding=\"async\" class=\"wp-post-image\" width=\"945\" height=\"418\" alt=\"Slayt-02.jpg\" src=\"https:\/\/arcrentacar.com.tr\/wp-content\/uploads\/2023\/12\/Slayt-02-945x418.jpg\"><\/div><div class=\"sc_call_to_action_info\"><h2 class=\"sc_call_to_action_title sc_item_title sc_item_title_without_descr\">L\u00fcks Transfer<\/h2><div class=\"sc_call_to_action_buttons sc_item_buttons\"><div class=\"sc_call_to_action_button sc_item_button\"><a href=\"https:\/\/arcrentacar.com.tr\/?page_id=131\" class=\"sc_button sc_button_square sc_button_style_filled sc_button_size_large\">detaylar<\/a><\/div><\/div><\/div><\/div>[\/vc_column][\/vc_row][vc_row][vc_column][vc_empty_space height=&#8221;0.6em&#8221;]<div id=\"sc_blogger_2143429886\" class=\"sc_blogger layout_caristp_3 template_caristp margin_top_huge margin_bottom_huge  sc_blogger_horizontal no_description\"><h2 class=\"sc_blogger_title sc_item_title sc_item_title_without_descr\">RENT A CAR ANTALYA<\/h2><div class=\"isotope_filters\"><\/div><div class=\"isotope_wrap\" data-columns=\"3\">\t\t<div class=\"isotope_item isotope_item_caristp isotope_item_caristp_3 isotope_column_3\t\t\t\t\t flt_25 flt_27\">\n\t\t\t<div class=\"post_item post_item_caristp post_item_caristp_3\t\t\t\t  post_format_standard odd\">\n\t\t\t\t\n\t\t\t\t\t\t\t\t\t<div class=\"post_featured\">\n\t\t\t\t\t\t\t<div class=\"post_thumb\" data-image=\"https:\/\/arcrentacar.com.tr\/wp-content\/uploads\/2023\/12\/b57f949c-2a8e-43a2-9a7f-a577cf98d366.jpg\" data-title=\"Mercedes-Benz 2022\">\n\t<a class=\"hover_icon hover_icon_link\" href=\"https:\/\/arcrentacar.com.tr\/?cars=mercedes-benz-2022\"><img loading=\"lazy\" decoding=\"async\" class=\"wp-post-image\" width=\"370\" height=\"192\" alt=\"Mercedes-Benz 2022\" src=\"https:\/\/arcrentacar.com.tr\/wp-content\/uploads\/2023\/12\/b57f949c-2a8e-43a2-9a7f-a577cf98d366-370x192.jpg\"><\/a>\t<\/div>\n\t\t\t\t\t\t<\/div>\n\t\t\t\t\n\t\t\t\t<div class=\"post_content isotope_item_content\">\n\n\t\t\t\t\t\t\t\t\t\t\t<div class=\"sc_cars_item_info\">\n\t\t\t\t\t\t\t<div class=\"main_info\">\n\t\t\t\t\t\t\t\t<h4 class=\"car_title\"><a href=\"https:\/\/arcrentacar.com.tr\/?cars=mercedes-benz-2022\">Mercedes-Benz 2022<\/a><\/h4>\t\t\t\t\t\t\t\t\t\t\t\t\t\t\t\t<h6 class=\"car_classification\">Sedan<\/h6>\n\t\t\t\t\t\t\t\t\t\t\t\t\t\t\t<\/div>\n\t\t\t\t\t\t\t\t\t\t\t\t\t\t<div class=\"car_price icon-tag-1\"><span><\/span><\/div>\n\t\t\t\t\t\t\t\t\t\t\t\t\t\t<div class=\"car_meta\"><div>2022<\/div><div>Automatic<\/div><div>Air condition<\/div><\/div>\t\t\t\t\t\t<\/div>\n\t\t\t\t\t\t\n\t\t\t\t<\/div>\t\t\t\t<!-- \/.post_content -->\n\t\t\t<\/div>\t<!-- \/.post_item -->\n\t\t<\/div>\t\t\t\t\t\t<!-- \/.isotope_item -->\n\t\t\t\t<div class=\"isotope_item isotope_item_caristp isotope_item_caristp_3 isotope_column_3\t\t\t\t\t flt_25 flt_27\">\n\t\t\t<div class=\"post_item post_item_caristp post_item_caristp_3\t\t\t\t  post_format_standard even\">\n\t\t\t\t\n\t\t\t\t\t\t\t\t\t<div class=\"post_featured\">\n\t\t\t\t\t\t\t<div class=\"post_thumb\" data-image=\"https:\/\/arcrentacar.com.tr\/wp-content\/uploads\/2023\/12\/94927b9c-aef7-444a-8bfd-580ce63cdc83.jpg\" data-title=\"Bmw 5.20 G30\">\n\t<a class=\"hover_icon hover_icon_link\" href=\"https:\/\/arcrentacar.com.tr\/?cars=bmw-5-20-g30\"><img loading=\"lazy\" decoding=\"async\" class=\"wp-post-image\" width=\"370\" height=\"192\" alt=\"Bmw 5.20 G30\" src=\"https:\/\/arcrentacar.com.tr\/wp-content\/uploads\/2023\/12\/94927b9c-aef7-444a-8bfd-580ce63cdc83-370x192.jpg\"><\/a>\t<\/div>\n\t\t\t\t\t\t<\/div>\n\t\t\t\t\n\t\t\t\t<div class=\"post_content isotope_item_content\">\n\n\t\t\t\t\t\t\t\t\t\t\t<div class=\"sc_cars_item_info\">\n\t\t\t\t\t\t\t<div class=\"main_info\">\n\t\t\t\t\t\t\t\t<h4 class=\"car_title\"><a href=\"https:\/\/arcrentacar.com.tr\/?cars=bmw-5-20-g30\">Bmw 5.20 G30<\/a><\/h4>\t\t\t\t\t\t\t\t\t\t\t\t\t\t\t\t<h6 class=\"car_classification\">Sedan<\/h6>\n\t\t\t\t\t\t\t\t\t\t\t\t\t\t\t<\/div>\n\t\t\t\t\t\t\t\t\t\t\t\t\t\t<div class=\"car_price icon-tag-1\"><span><\/span><\/div>\n\t\t\t\t\t\t\t\t\t\t\t\t\t\t<div class=\"car_meta\"><div>2022<\/div><div>Automatic<\/div><div>Air condition<\/div><\/div>\t\t\t\t\t\t<\/div>\n\t\t\t\t\t\t\n\t\t\t\t<\/div>\t\t\t\t<!-- \/.post_content -->\n\t\t\t<\/div>\t<!-- \/.post_item -->\n\t\t<\/div>\t\t\t\t\t\t<!-- \/.isotope_item -->\n\t\t\t\t<div class=\"isotope_item isotope_item_caristp isotope_item_caristp_3 isotope_column_3\t\t\t\t\t flt_25 flt_27\">\n\t\t\t<div class=\"post_item post_item_caristp post_item_caristp_3\t\t\t\t  post_format_standard odd\">\n\t\t\t\t\n\t\t\t\t\t\t\t\t\t<div class=\"post_featured\">\n\t\t\t\t\t\t\t<div class=\"post_thumb\" data-image=\"https:\/\/arcrentacar.com.tr\/wp-content\/uploads\/2023\/12\/508e0214-aea6-4aa8-aa5d-5a3a9ef5e136.jpg\" data-title=\"2022 Mercedes A200\">\n\t<a class=\"hover_icon hover_icon_link\" href=\"https:\/\/arcrentacar.com.tr\/?cars=2022-mercedes-a200\"><img loading=\"lazy\" decoding=\"async\" class=\"wp-post-image\" width=\"370\" height=\"192\" alt=\"2022 Mercedes A200\" src=\"https:\/\/arcrentacar.com.tr\/wp-content\/uploads\/2023\/12\/508e0214-aea6-4aa8-aa5d-5a3a9ef5e136-370x192.jpg\"><\/a>\t<\/div>\n\t\t\t\t\t\t<\/div>\n\t\t\t\t\n\t\t\t\t<div class=\"post_content isotope_item_content\">\n\n\t\t\t\t\t\t\t\t\t\t\t<div class=\"sc_cars_item_info\">\n\t\t\t\t\t\t\t<div class=\"main_info\">\n\t\t\t\t\t\t\t\t<h4 class=\"car_title\"><a href=\"https:\/\/arcrentacar.com.tr\/?cars=2022-mercedes-a200\">2022 Mercedes A200<\/a><\/h4>\t\t\t\t\t\t\t\t\t\t\t\t\t\t\t\t<h6 class=\"car_classification\">Sedan<\/h6>\n\t\t\t\t\t\t\t\t\t\t\t\t\t\t\t<\/div>\n\t\t\t\t\t\t\t\t\t\t\t\t\t\t<div class=\"car_price icon-tag-1\"><span><\/span><\/div>\n\t\t\t\t\t\t\t\t\t\t\t\t\t\t<div class=\"car_meta\"><div>2022<\/div><div>Automatic<\/div><div>Air condition<\/div><\/div>\t\t\t\t\t\t<\/div>\n\t\t\t\t\t\t\n\t\t\t\t<\/div>\t\t\t\t<!-- \/.post_content -->\n\t\t\t<\/div>\t<!-- \/.post_item -->\n\t\t<\/div>\t\t\t\t\t\t<!-- \/.isotope_item -->\n\t\t\t\t<div class=\"isotope_item isotope_item_caristp isotope_item_caristp_3 isotope_column_3\t\t\t\t\t flt_26\">\n\t\t\t<div class=\"post_item post_item_caristp post_item_caristp_3\t\t\t\t  post_format_standard even\">\n\t\t\t\t\n\t\t\t\t\t\t\t\t\t<div class=\"post_featured\">\n\t\t\t\t\t\t\t<div class=\"post_thumb\" data-image=\"https:\/\/arcrentacar.com.tr\/wp-content\/uploads\/2023\/12\/c9d2dced-e365-4da8-8874-726c691d0e55.jpg\" data-title=\"2020 1.5 etsi PASSAT\">\n\t<a class=\"hover_icon hover_icon_link\" href=\"https:\/\/arcrentacar.com.tr\/?cars=2020-1-5-etsi-passat\"><img loading=\"lazy\" decoding=\"async\" class=\"wp-post-image\" width=\"370\" height=\"192\" alt=\"2020 1.5 etsi PASSAT\" src=\"https:\/\/arcrentacar.com.tr\/wp-content\/uploads\/2023\/12\/c9d2dced-e365-4da8-8874-726c691d0e55-370x192.jpg\"><\/a>\t<\/div>\n\t\t\t\t\t\t<\/div>\n\t\t\t\t\n\t\t\t\t<div class=\"post_content isotope_item_content\">\n\n\t\t\t\t\t\t\t\t\t\t\t<div class=\"sc_cars_item_info\">\n\t\t\t\t\t\t\t<div class=\"main_info\">\n\t\t\t\t\t\t\t\t<h4 class=\"car_title\"><a href=\"https:\/\/arcrentacar.com.tr\/?cars=2020-1-5-etsi-passat\">2020 1.5 etsi PASSAT<\/a><\/h4>\t\t\t\t\t\t\t\t\t\t\t\t\t\t\t\t<h6 class=\"car_classification\">Sedan<\/h6>\n\t\t\t\t\t\t\t\t\t\t\t\t\t\t\t<\/div>\n\t\t\t\t\t\t\t\t\t\t\t\t\t\t<div class=\"car_price icon-tag-1\"><span><\/span><\/div>\n\t\t\t\t\t\t\t\t\t\t\t\t\t\t<div class=\"car_meta\"><div>2022<\/div><div>Automatic<\/div><div>Air condition<\/div><\/div>\t\t\t\t\t\t<\/div>\n\t\t\t\t\t\t\n\t\t\t\t<\/div>\t\t\t\t<!-- \/.post_content -->\n\t\t\t<\/div>\t<!-- \/.post_item -->\n\t\t<\/div>\t\t\t\t\t\t<!-- \/.isotope_item -->\n\t\t\t\t<div class=\"isotope_item isotope_item_caristp isotope_item_caristp_3 isotope_column_3\t\t\t\t\t flt_25\">\n\t\t\t<div class=\"post_item post_item_caristp post_item_caristp_3\t\t\t\t  post_format_standard odd\">\n\t\t\t\t\n\t\t\t\t\t\t\t\t\t<div class=\"post_featured\">\n\t\t\t\t\t\t\t<div class=\"post_thumb\" data-image=\"https:\/\/arcrentacar.com.tr\/wp-content\/uploads\/2016\/09\/b57f949c-2a8e-43a2-9a7f-a577cf98d366.jpg\" data-title=\"2022 1.5 Otomatik Corolla\">\n\t<a class=\"hover_icon hover_icon_link\" href=\"https:\/\/arcrentacar.com.tr\/?cars=honda-civic\"><img loading=\"lazy\" decoding=\"async\" class=\"wp-post-image\" width=\"370\" height=\"192\" alt=\"2022 1.5 Otomatik Corolla\" src=\"https:\/\/arcrentacar.com.tr\/wp-content\/uploads\/2016\/09\/b57f949c-2a8e-43a2-9a7f-a577cf98d366-370x192.jpg\"><\/a>\t<\/div>\n\t\t\t\t\t\t<\/div>\n\t\t\t\t\n\t\t\t\t<div class=\"post_content isotope_item_content\">\n\n\t\t\t\t\t\t\t\t\t\t\t<div class=\"sc_cars_item_info\">\n\t\t\t\t\t\t\t<div class=\"main_info\">\n\t\t\t\t\t\t\t\t<h4 class=\"car_title\"><a href=\"https:\/\/arcrentacar.com.tr\/?cars=honda-civic\">2022 1.5 Otomatik Corolla<\/a><\/h4>\t\t\t\t\t\t\t\t\t\t\t\t\t\t\t\t<h6 class=\"car_classification\">Sedan<\/h6>\n\t\t\t\t\t\t\t\t\t\t\t\t\t\t\t<\/div>\n\t\t\t\t\t\t\t\t\t\t\t\t\t\t<div class=\"car_price icon-tag-1\"><span><\/span><\/div>\n\t\t\t\t\t\t\t\t\t\t\t\t\t\t<div class=\"car_meta\"><div>2015<\/div><div>Automatic<\/div><div>Air condition<\/div><\/div>\t\t\t\t\t\t<\/div>\n\t\t\t\t\t\t\n\t\t\t\t<\/div>\t\t\t\t<!-- \/.post_content -->\n\t\t\t<\/div>\t<!-- \/.post_item -->\n\t\t<\/div>\t\t\t\t\t\t<!-- \/.isotope_item -->\n\t\t\t\t<div class=\"isotope_item isotope_item_caristp isotope_item_caristp_3 isotope_column_3\t\t\t\t\t flt_29 flt_25\">\n\t\t\t<div class=\"post_item post_item_caristp post_item_caristp_3\t\t\t\t  post_format_standard even last\">\n\t\t\t\t\n\t\t\t\t\t\t\t\t\t<div class=\"post_featured\">\n\t\t\t\t\t\t\t<div class=\"post_thumb\" data-image=\"https:\/\/arcrentacar.com.tr\/wp-content\/uploads\/2016\/09\/683fffeb-d02c-44a4-9551-7ceb4ee5772b.jpg\" data-title=\"2018 1.5 TDC\u0130 OTOMAT\u0130K FOCUS\">\n\t<a class=\"hover_icon hover_icon_link\" href=\"https:\/\/arcrentacar.com.tr\/?cars=ford-galaxy\"><img loading=\"lazy\" decoding=\"async\" class=\"wp-post-image\" width=\"370\" height=\"192\" alt=\"2018 1.5 TDC\u0130 OTOMAT\u0130K FOCUS\" src=\"https:\/\/arcrentacar.com.tr\/wp-content\/uploads\/2016\/09\/683fffeb-d02c-44a4-9551-7ceb4ee5772b-370x192.jpg\"><\/a>\t<\/div>\n\t\t\t\t\t\t<\/div>\n\t\t\t\t\n\t\t\t\t<div class=\"post_content isotope_item_content\">\n\n\t\t\t\t\t\t\t\t\t\t\t<div class=\"sc_cars_item_info\">\n\t\t\t\t\t\t\t<div class=\"main_info\">\n\t\t\t\t\t\t\t\t<h4 class=\"car_title\"><a href=\"https:\/\/arcrentacar.com.tr\/?cars=ford-galaxy\">2018 1.5 TDC\u0130 OTOMAT\u0130K FOCUS<\/a><\/h4>\t\t\t\t\t\t\t\t\t\t\t\t\t\t\t\t<h6 class=\"car_classification\">MPV<\/h6>\n\t\t\t\t\t\t\t\t\t\t\t\t\t\t\t<\/div>\n\t\t\t\t\t\t\t\t\t\t\t\t\t\t<div class=\"car_price icon-tag-1\"><span><\/span><\/div>\n\t\t\t\t\t\t\t\t\t\t\t\t\t\t<div class=\"car_meta\"><div>2015<\/div><div>Automatic<\/div><div>Air condition<\/div><\/div>\t\t\t\t\t\t<\/div>\n\t\t\t\t\t\t\n\t\t\t\t<\/div>\t\t\t\t<!-- \/.post_content -->\n\t\t\t<\/div>\t<!-- \/.post_item -->\n\t\t<\/div>\t\t\t\t\t\t<!-- \/.isotope_item -->\n\t\t<\/div><script type=\"text\/javascript\">jQuery(document).ready(function () {jQuery(\"#sc_blogger_2143429886 .isotope_filters\").append(\"<a href=\\\"#\\\" data-filter=\\\"*\\\" class=\\\"theme_button active all\\\">All<\/a><a href=\\\"#\\\" data-filter=\\\".flt_28\\\" class=\\\"theme_button icon-suv\\\"><div class=\\\"label\\\">SUV <span>(2)<\/span><\/div><\/a><a href=\\\"#\\\" data-filter=\\\".flt_27\\\" class=\\\"theme_button icon-convertible\\\"><div class=\\\"label\\\">Sports <span>(6)<\/span><\/div><\/a><a href=\\\"#\\\" data-filter=\\\".flt_25\\\" class=\\\"theme_button icon-sedan\\\"><div class=\\\"label\\\">Sedan <span>(9)<\/span><\/div><\/a><a href=\\\"#\\\" data-filter=\\\".flt_29\\\" class=\\\"theme_button icon-mpv\\\"><div class=\\\"label\\\">MPV <span>(1)<\/span><\/div><\/a><a href=\\\"#\\\" data-filter=\\\".flt_26\\\" class=\\\"theme_button icon-hatchback\\\"><div class=\\\"label\\\">Hatchback <span>(2)<\/span><\/div><\/a>\");jQuery(\"#sc_blogger_2143429886 .isotope_filters>a\").each(function(){var filterClass = jQuery(this).data(\"filter\");var findCar = jQuery(\"#sc_blogger_2143429886 .isotope_wrap\").find(\"div\" + filterClass).length;if (findCar == 0) jQuery(this).css(\"display\", \"none\");\n\t                    jQuery(this).find(\".label>span\").text(\"(\" + findCar + \")\");\n\t                });});<\/script><div class=\"sc_blogger_button sc_item_button\"><a href=\"https:\/\/arcrentacar.com.tr\/?page_id=425\" class=\"sc_button sc_button_square sc_button_style_filled sc_button_size_small sc_button_style_dark\">Ara\u00e7 Kirala<\/a><\/div><\/div>[vc_empty_space height=&#8221;0.5em&#8221;][\/vc_column][\/vc_row][vc_row full_width=&#8221;stretch_row&#8221; css=&#8221;.vc_custom_1701848265139{padding-top: 1.45em !important;padding-bottom: 4.3em !important;background-image: url(https:\/\/arcrentacar.com.tr\/wp-content\/uploads\/2023\/12\/111.jpg?id=10133) !important;}&#8221;][vc_column][\/vc_column][\/vc_row][vc_row inverse=&#8221;&#8221; css=&#8221;.vc_custom_1680240815341{margin-top: 6rem !important;margin-bottom: 4rem !important;}&#8221;][vc_column width=&#8221;5\/12&#8243;]<div id=\"sc_testimonials_34686840\" class=\"sc_testimonials sc_testimonials_style_testimonials-1  margin_bottom_small\" style=\"width:100%;\"><div class=\"sc_slider_swiper swiper-slider-container sc_slider_nopagination sc_slider_nocontrols\" data-interval=\"6423\" data-slides-min-width=\"250\"><div class=\"slides swiper-wrapper\"><div class=\"swiper-slide\" data-style=\"width:100%;\" style=\"width:100%;\">\t\t\t<div id=\"sc_testimonials_34686840_1\" class=\"sc_testimonial_item\">\n\t\t\t\t\t\t\t\t<div class=\"sc_testimonial_content\"><p>Almanya'dan Antalya 'ya tatil i\u00e7in geldi\u011fimizde otelimiz biraz uzakt\u0131. O y\u00fczden transfer aray\u015f\u0131nda Arc 'yi tercih ettik. Ara\u00e7 \u00e7ok l\u00fcks ve \u015f\u00f6f\u00f6r i\u015finde ger\u00e7ekten \u00e7ok iyiydi. Te\u015fekk\u00fcrler.<\/p>\n<\/div>\n\t\t\t\t\t\t\t\t<div class=\"sc_testimonial_author\"><span class=\"sc_testimonial_author_name\">Ay\u015feg\u00fcl Ertan<\/span><\/div>\n\t\t\t\t\t\t\t<\/div>\n\t\t<\/div><div class=\"swiper-slide\" data-style=\"width:100%;\" style=\"width:100%;\">\t\t\t<div id=\"sc_testimonials_34686840_2\" class=\"sc_testimonial_item\">\n\t\t\t\t\t\t\t\t<div class=\"sc_testimonial_content\"><p>1 Haftal\u0131k ara\u00e7 kiralad\u0131m. Hi\u00e7bir sorun ya\u015famad\u0131m. Son model bir arac\u0131n b\u00f6yle ekonomik kiralanaca\u011f\u0131n\u0131 d\u00fc\u015f\u00fcnmezdim.<\/p>\n<\/div>\n\t\t\t\t\t\t\t\t<div class=\"sc_testimonial_author\"><span class=\"sc_testimonial_author_name\">Ahmet \u00d6zdilek<\/span><\/div>\n\t\t\t\t\t\t\t<\/div>\n\t\t<\/div><\/div><div class=\"sc_slider_controls_wrap\"><a class=\"sc_slider_prev\" href=\"#\"><\/a><a class=\"sc_slider_next\" href=\"#\"><\/a><\/div><div class=\"sc_slider_pagination_wrap\"><\/div><\/div><\/div>[\/vc_column][vc_column width=&#8221;1\/12&#8243;][\/vc_column][vc_column width=&#8221;1\/2&#8243;]<h2 class=\"sc_title sc_title_regular margin_top_null margin_bottom_large\">Vizyon &amp; Misyon<\/h2>[vc_empty_space height=&#8221;0.4em&#8221;][vc_column_text]<strong>Vizyonumuz<\/strong><br \/>\nFirmam\u0131z g\u00fcvenli l\u00fcks ara\u00e7 kiralama ve ta\u015f\u0131mac\u0131l\u0131k hizmetlerimizi herkesin kolay ve ekonomik \u015fekilde yararlanabilmesini sa\u011flamak. Turizm sekt\u00f6r\u00fcnde \u00f6nc\u00fc ve lider firma olmak i\u00e7in aktif olarak \u00e7al\u0131\u015fmaktay\u0131z.<\/p>\n<p><strong>Misyonumuz<\/strong><br \/>\nM\u00fc\u015fterilerimize en iyi hizmet standartl\u0131n\u0131 olu\u015fturmak i\u00e7in konforlu ve g\u00fcvenli ara\u00e7lar\u0131m\u0131z ile hizmet olu\u015fturmak. Yabanc\u0131 dil bilen e\u011fitimli personellerimiz ile m\u00fc\u015fterilerimizin yolculu\u011funu mutlu olarak tamamlanmas\u0131n\u0131 sa\u011flamak.[\/vc_column_text][\/vc_column][\/vc_row][vc_column width=&#8221;1\/2&#8243;][\/vc_column][vc_column width=&#8221;1\/2&#8243;][\/vc_column]<\/p>\n<div style=\"overflow:hidden;height:1px;\"><a href=\"https:\/\/kz-mostbet.com\/\">mostbet<\/a><\/div>\n<div style=\"overflow:hidden;height:1px;\"><a href=\"https:\/\/fairspincassino.com\/\">fairspincassino.com<\/a><\/div>\n<\/div>","protected":false},"excerpt":{"rendered":"<p>[vc_row][vc_column][vc_empty_space height=&#8221;0.55em&#8221;][vc_empty_space height=&#8221;0.6em&#8221;][\/vc_column][\/vc_row][vc_row full_width=&#8221;stretch_row_content_no_spaces&#8221; css=&#8221;.vc_custom_1472809257034{background-color: #f2f2f2 !important;}&#8221;][vc_column width=&#8221;1\/2&#8243;][\/vc_column][vc_column width=&#8221;1\/2&#8243; css=&#8221;.vc_custom_1473059450910{padding-left: 13px !important;}&#8221;][\/vc_column][\/vc_row][vc_row][vc_column][vc_empty_space height=&#8221;0.6em&#8221;][vc_empty_space height=&#8221;0.5em&#8221;][\/vc_column][\/vc_row][vc_row full_width=&#8221;stretch_row&#8221; css=&#8221;.vc_custom_1701848265139{padding-top: 1.45em !important;padding-bottom: 4.3em !important;background-image: url(https:\/\/arcrentacar.com.tr\/wp-content\/uploads\/2023\/12\/111.jpg?id=10133) !important;}&#8221;][vc_column][\/vc_column][\/vc_row][vc_row inverse=&#8221;&#8221; css=&#8221;.vc_custom_1680240815341{margin-top: 6rem !important;margin-bottom: 4rem !important;}&#8221;][vc_column width=&#8221;5\/12&#8243;][\/vc_column][vc_column width=&#8221;1\/12&#8243;][\/vc_column][vc_column width=&#8221;1\/2&#8243;][vc_empty_space height=&#8221;0.4em&#8221;][vc_column_text]Vizyonumuz Firmam\u0131z g\u00fcvenli l\u00fcks ara\u00e7 kiralama ve ta\u015f\u0131mac\u0131l\u0131k hizmetlerimizi herkesin kolay ve ekonomik \u015fekilde yararlanabilmesini sa\u011flamak. Turizm sekt\u00f6r\u00fcnde \u00f6nc\u00fc ve lider firma olmak i\u00e7in [&hellip;]<\/p>\n","protected":false},"author":1,"featured_media":0,"parent":0,"menu_order":0,"comment_status":"closed","ping_status":"open","template":"","meta":{"footnotes":""},"class_list":["post-5","page","type-page","status-publish","hentry"],"_links":{"self":[{"href":"https:\/\/arcrentacar.com.tr\/index.php?rest_route=\/wp\/v2\/pages\/5"}],"collection":[{"href":"https:\/\/arcrentacar.com.tr\/index.php?rest_route=\/wp\/v2\/pages"}],"about":[{"href":"https:\/\/arcrentacar.com.tr\/index.php?rest_route=\/wp\/v2\/types\/page"}],"author":[{"embeddable":true,"href":"https:\/\/arcrentacar.com.tr\/index.php?rest_route=\/wp\/v2\/users\/1"}],"replies":[{"embeddable":true,"href":"https:\/\/arcrentacar.com.tr\/index.php?rest_route=%2Fwp%2Fv2%2Fcomments&post=5"}],"version-history":[{"count":45,"href":"https:\/\/arcrentacar.com.tr\/index.php?rest_route=\/wp\/v2\/pages\/5\/revisions"}],"predecessor-version":[{"id":21317,"href":"https:\/\/arcrentacar.com.tr\/index.php?rest_route=\/wp\/v2\/pages\/5\/revisions\/21317"}],"wp:attachment":[{"href":"https:\/\/arcrentacar.com.tr\/index.php?rest_route=%2Fwp%2Fv2%2Fmedia&parent=5"}],"curies":[{"name":"wp","href":"https:\/\/api.w.org\/{rel}","templated":true}]}}