{"id":425,"date":"2016-09-06T08:22:59","date_gmt":"2016-09-06T08:22:59","guid":{"rendered":"https:\/\/arcrentacar.com.tr\/?page_id=425"},"modified":"2024-11-18T11:28:15","modified_gmt":"2024-11-18T08:28:15","slug":"vehicles","status":"publish","type":"page","link":"https:\/\/arcrentacar.com.tr\/?page_id=425","title":{"rendered":"Antalya Rent A Car"},"content":{"rendered":"<div class=\"wpb-content-wrapper\"><p>[vc_row][vc_column]<div id=\"sc_blogger_421804418\" class=\"sc_blogger layout_caristp_3 template_caristp  sc_blogger_horizontal no_description\"><div class=\"isotope_filters\"><\/div><div class=\"isotope_wrap\" data-columns=\"3\">\t\t<div class=\"isotope_item isotope_item_caristp isotope_item_caristp_3 isotope_column_3\t\t\t\t\t flt_25 flt_27\">\n\t\t\t<div class=\"post_item post_item_caristp post_item_caristp_3\t\t\t\t  post_format_standard odd\">\n\t\t\t\t\n\t\t\t\t\t\t\t\t\t<div class=\"post_featured\">\n\t\t\t\t\t\t\t<div class=\"post_thumb\" data-image=\"https:\/\/arcrentacar.com.tr\/wp-content\/uploads\/2023\/12\/b57f949c-2a8e-43a2-9a7f-a577cf98d366.jpg\" data-title=\"Mercedes-Benz 2022\">\n\t<a class=\"hover_icon hover_icon_link\" href=\"https:\/\/arcrentacar.com.tr\/?cars=mercedes-benz-2022\"><img loading=\"lazy\" decoding=\"async\" class=\"wp-post-image\" width=\"370\" height=\"192\" alt=\"Mercedes-Benz 2022\" src=\"https:\/\/arcrentacar.com.tr\/wp-content\/uploads\/2023\/12\/b57f949c-2a8e-43a2-9a7f-a577cf98d366-370x192.jpg\"><\/a>\t<\/div>\n\t\t\t\t\t\t<\/div>\n\t\t\t\t\n\t\t\t\t<div class=\"post_content isotope_item_content\">\n\n\t\t\t\t\t\t\t\t\t\t\t<div class=\"sc_cars_item_info\">\n\t\t\t\t\t\t\t<div class=\"main_info\">\n\t\t\t\t\t\t\t\t<h4 class=\"car_title\"><a href=\"https:\/\/arcrentacar.com.tr\/?cars=mercedes-benz-2022\">Mercedes-Benz 2022<\/a><\/h4>\t\t\t\t\t\t\t\t\t\t\t\t\t\t\t\t<h6 class=\"car_classification\">Sedan<\/h6>\n\t\t\t\t\t\t\t\t\t\t\t\t\t\t\t<\/div>\n\t\t\t\t\t\t\t\t\t\t\t\t\t\t<div class=\"car_price icon-tag-1\"><span><\/span><\/div>\n\t\t\t\t\t\t\t\t\t\t\t\t\t\t<div class=\"car_meta\"><div>2022<\/div><div>Automatic<\/div><div>Air condition<\/div><\/div>\t\t\t\t\t\t<\/div>\n\t\t\t\t\t\t\n\t\t\t\t<\/div>\t\t\t\t<!-- \/.post_content -->\n\t\t\t<\/div>\t<!-- \/.post_item -->\n\t\t<\/div>\t\t\t\t\t\t<!-- \/.isotope_item -->\n\t\t\t\t<div class=\"isotope_item isotope_item_caristp isotope_item_caristp_3 isotope_column_3\t\t\t\t\t flt_25 flt_27\">\n\t\t\t<div class=\"post_item post_item_caristp post_item_caristp_3\t\t\t\t  post_format_standard even\">\n\t\t\t\t\n\t\t\t\t\t\t\t\t\t<div class=\"post_featured\">\n\t\t\t\t\t\t\t<div class=\"post_thumb\" data-image=\"https:\/\/arcrentacar.com.tr\/wp-content\/uploads\/2023\/12\/94927b9c-aef7-444a-8bfd-580ce63cdc83.jpg\" data-title=\"Bmw 5.20 G30\">\n\t<a class=\"hover_icon hover_icon_link\" href=\"https:\/\/arcrentacar.com.tr\/?cars=bmw-5-20-g30\"><img loading=\"lazy\" decoding=\"async\" class=\"wp-post-image\" width=\"370\" height=\"192\" alt=\"Bmw 5.20 G30\" src=\"https:\/\/arcrentacar.com.tr\/wp-content\/uploads\/2023\/12\/94927b9c-aef7-444a-8bfd-580ce63cdc83-370x192.jpg\"><\/a>\t<\/div>\n\t\t\t\t\t\t<\/div>\n\t\t\t\t\n\t\t\t\t<div class=\"post_content isotope_item_content\">\n\n\t\t\t\t\t\t\t\t\t\t\t<div class=\"sc_cars_item_info\">\n\t\t\t\t\t\t\t<div class=\"main_info\">\n\t\t\t\t\t\t\t\t<h4 class=\"car_title\"><a href=\"https:\/\/arcrentacar.com.tr\/?cars=bmw-5-20-g30\">Bmw 5.20 G30<\/a><\/h4>\t\t\t\t\t\t\t\t\t\t\t\t\t\t\t\t<h6 class=\"car_classification\">Sedan<\/h6>\n\t\t\t\t\t\t\t\t\t\t\t\t\t\t\t<\/div>\n\t\t\t\t\t\t\t\t\t\t\t\t\t\t<div class=\"car_price icon-tag-1\"><span><\/span><\/div>\n\t\t\t\t\t\t\t\t\t\t\t\t\t\t<div class=\"car_meta\"><div>2022<\/div><div>Automatic<\/div><div>Air condition<\/div><\/div>\t\t\t\t\t\t<\/div>\n\t\t\t\t\t\t\n\t\t\t\t<\/div>\t\t\t\t<!-- \/.post_content -->\n\t\t\t<\/div>\t<!-- \/.post_item -->\n\t\t<\/div>\t\t\t\t\t\t<!-- \/.isotope_item -->\n\t\t\t\t<div class=\"isotope_item isotope_item_caristp isotope_item_caristp_3 isotope_column_3\t\t\t\t\t flt_25 flt_27\">\n\t\t\t<div class=\"post_item post_item_caristp post_item_caristp_3\t\t\t\t  post_format_standard odd\">\n\t\t\t\t\n\t\t\t\t\t\t\t\t\t<div class=\"post_featured\">\n\t\t\t\t\t\t\t<div class=\"post_thumb\" data-image=\"https:\/\/arcrentacar.com.tr\/wp-content\/uploads\/2023\/12\/508e0214-aea6-4aa8-aa5d-5a3a9ef5e136.jpg\" data-title=\"2022 Mercedes A200\">\n\t<a class=\"hover_icon hover_icon_link\" href=\"https:\/\/arcrentacar.com.tr\/?cars=2022-mercedes-a200\"><img loading=\"lazy\" decoding=\"async\" class=\"wp-post-image\" width=\"370\" height=\"192\" alt=\"2022 Mercedes A200\" src=\"https:\/\/arcrentacar.com.tr\/wp-content\/uploads\/2023\/12\/508e0214-aea6-4aa8-aa5d-5a3a9ef5e136-370x192.jpg\"><\/a>\t<\/div>\n\t\t\t\t\t\t<\/div>\n\t\t\t\t\n\t\t\t\t<div class=\"post_content isotope_item_content\">\n\n\t\t\t\t\t\t\t\t\t\t\t<div class=\"sc_cars_item_info\">\n\t\t\t\t\t\t\t<div class=\"main_info\">\n\t\t\t\t\t\t\t\t<h4 class=\"car_title\"><a href=\"https:\/\/arcrentacar.com.tr\/?cars=2022-mercedes-a200\">2022 Mercedes A200<\/a><\/h4>\t\t\t\t\t\t\t\t\t\t\t\t\t\t\t\t<h6 class=\"car_classification\">Sedan<\/h6>\n\t\t\t\t\t\t\t\t\t\t\t\t\t\t\t<\/div>\n\t\t\t\t\t\t\t\t\t\t\t\t\t\t<div class=\"car_price icon-tag-1\"><span><\/span><\/div>\n\t\t\t\t\t\t\t\t\t\t\t\t\t\t<div class=\"car_meta\"><div>2022<\/div><div>Automatic<\/div><div>Air condition<\/div><\/div>\t\t\t\t\t\t<\/div>\n\t\t\t\t\t\t\n\t\t\t\t<\/div>\t\t\t\t<!-- \/.post_content -->\n\t\t\t<\/div>\t<!-- \/.post_item -->\n\t\t<\/div>\t\t\t\t\t\t<!-- \/.isotope_item -->\n\t\t\t\t<div class=\"isotope_item isotope_item_caristp isotope_item_caristp_3 isotope_column_3\t\t\t\t\t flt_26\">\n\t\t\t<div class=\"post_item post_item_caristp post_item_caristp_3\t\t\t\t  post_format_standard even\">\n\t\t\t\t\n\t\t\t\t\t\t\t\t\t<div class=\"post_featured\">\n\t\t\t\t\t\t\t<div class=\"post_thumb\" data-image=\"https:\/\/arcrentacar.com.tr\/wp-content\/uploads\/2023\/12\/c9d2dced-e365-4da8-8874-726c691d0e55.jpg\" data-title=\"2020 1.5 etsi PASSAT\">\n\t<a class=\"hover_icon hover_icon_link\" href=\"https:\/\/arcrentacar.com.tr\/?cars=2020-1-5-etsi-passat\"><img loading=\"lazy\" decoding=\"async\" class=\"wp-post-image\" width=\"370\" height=\"192\" alt=\"2020 1.5 etsi PASSAT\" src=\"https:\/\/arcrentacar.com.tr\/wp-content\/uploads\/2023\/12\/c9d2dced-e365-4da8-8874-726c691d0e55-370x192.jpg\"><\/a>\t<\/div>\n\t\t\t\t\t\t<\/div>\n\t\t\t\t\n\t\t\t\t<div class=\"post_content isotope_item_content\">\n\n\t\t\t\t\t\t\t\t\t\t\t<div class=\"sc_cars_item_info\">\n\t\t\t\t\t\t\t<div class=\"main_info\">\n\t\t\t\t\t\t\t\t<h4 class=\"car_title\"><a href=\"https:\/\/arcrentacar.com.tr\/?cars=2020-1-5-etsi-passat\">2020 1.5 etsi PASSAT<\/a><\/h4>\t\t\t\t\t\t\t\t\t\t\t\t\t\t\t\t<h6 class=\"car_classification\">Sedan<\/h6>\n\t\t\t\t\t\t\t\t\t\t\t\t\t\t\t<\/div>\n\t\t\t\t\t\t\t\t\t\t\t\t\t\t<div class=\"car_price icon-tag-1\"><span><\/span><\/div>\n\t\t\t\t\t\t\t\t\t\t\t\t\t\t<div class=\"car_meta\"><div>2022<\/div><div>Automatic<\/div><div>Air condition<\/div><\/div>\t\t\t\t\t\t<\/div>\n\t\t\t\t\t\t\n\t\t\t\t<\/div>\t\t\t\t<!-- \/.post_content -->\n\t\t\t<\/div>\t<!-- \/.post_item -->\n\t\t<\/div>\t\t\t\t\t\t<!-- \/.isotope_item -->\n\t\t\t\t<div class=\"isotope_item isotope_item_caristp isotope_item_caristp_3 isotope_column_3\t\t\t\t\t flt_25\">\n\t\t\t<div class=\"post_item post_item_caristp post_item_caristp_3\t\t\t\t  post_format_standard odd\">\n\t\t\t\t\n\t\t\t\t\t\t\t\t\t<div class=\"post_featured\">\n\t\t\t\t\t\t\t<div class=\"post_thumb\" data-image=\"https:\/\/arcrentacar.com.tr\/wp-content\/uploads\/2016\/09\/b57f949c-2a8e-43a2-9a7f-a577cf98d366.jpg\" data-title=\"2022 1.5 Otomatik Corolla\">\n\t<a class=\"hover_icon hover_icon_link\" href=\"https:\/\/arcrentacar.com.tr\/?cars=honda-civic\"><img loading=\"lazy\" decoding=\"async\" class=\"wp-post-image\" width=\"370\" height=\"192\" alt=\"2022 1.5 Otomatik Corolla\" src=\"https:\/\/arcrentacar.com.tr\/wp-content\/uploads\/2016\/09\/b57f949c-2a8e-43a2-9a7f-a577cf98d366-370x192.jpg\"><\/a>\t<\/div>\n\t\t\t\t\t\t<\/div>\n\t\t\t\t\n\t\t\t\t<div class=\"post_content isotope_item_content\">\n\n\t\t\t\t\t\t\t\t\t\t\t<div class=\"sc_cars_item_info\">\n\t\t\t\t\t\t\t<div class=\"main_info\">\n\t\t\t\t\t\t\t\t<h4 class=\"car_title\"><a href=\"https:\/\/arcrentacar.com.tr\/?cars=honda-civic\">2022 1.5 Otomatik Corolla<\/a><\/h4>\t\t\t\t\t\t\t\t\t\t\t\t\t\t\t\t<h6 class=\"car_classification\">Sedan<\/h6>\n\t\t\t\t\t\t\t\t\t\t\t\t\t\t\t<\/div>\n\t\t\t\t\t\t\t\t\t\t\t\t\t\t<div class=\"car_price icon-tag-1\"><span><\/span><\/div>\n\t\t\t\t\t\t\t\t\t\t\t\t\t\t<div class=\"car_meta\"><div>2015<\/div><div>Automatic<\/div><div>Air condition<\/div><\/div>\t\t\t\t\t\t<\/div>\n\t\t\t\t\t\t\n\t\t\t\t<\/div>\t\t\t\t<!-- \/.post_content -->\n\t\t\t<\/div>\t<!-- \/.post_item -->\n\t\t<\/div>\t\t\t\t\t\t<!-- \/.isotope_item -->\n\t\t\t\t<div class=\"isotope_item isotope_item_caristp isotope_item_caristp_3 isotope_column_3\t\t\t\t\t flt_29 flt_25\">\n\t\t\t<div class=\"post_item post_item_caristp post_item_caristp_3\t\t\t\t  post_format_standard even\">\n\t\t\t\t\n\t\t\t\t\t\t\t\t\t<div class=\"post_featured\">\n\t\t\t\t\t\t\t<div class=\"post_thumb\" data-image=\"https:\/\/arcrentacar.com.tr\/wp-content\/uploads\/2016\/09\/683fffeb-d02c-44a4-9551-7ceb4ee5772b.jpg\" data-title=\"2018 1.5 TDC\u0130 OTOMAT\u0130K FOCUS\">\n\t<a class=\"hover_icon hover_icon_link\" href=\"https:\/\/arcrentacar.com.tr\/?cars=ford-galaxy\"><img loading=\"lazy\" decoding=\"async\" class=\"wp-post-image\" width=\"370\" height=\"192\" alt=\"2018 1.5 TDC\u0130 OTOMAT\u0130K FOCUS\" src=\"https:\/\/arcrentacar.com.tr\/wp-content\/uploads\/2016\/09\/683fffeb-d02c-44a4-9551-7ceb4ee5772b-370x192.jpg\"><\/a>\t<\/div>\n\t\t\t\t\t\t<\/div>\n\t\t\t\t\n\t\t\t\t<div class=\"post_content isotope_item_content\">\n\n\t\t\t\t\t\t\t\t\t\t\t<div class=\"sc_cars_item_info\">\n\t\t\t\t\t\t\t<div class=\"main_info\">\n\t\t\t\t\t\t\t\t<h4 class=\"car_title\"><a href=\"https:\/\/arcrentacar.com.tr\/?cars=ford-galaxy\">2018 1.5 TDC\u0130 OTOMAT\u0130K FOCUS<\/a><\/h4>\t\t\t\t\t\t\t\t\t\t\t\t\t\t\t\t<h6 class=\"car_classification\">MPV<\/h6>\n\t\t\t\t\t\t\t\t\t\t\t\t\t\t\t<\/div>\n\t\t\t\t\t\t\t\t\t\t\t\t\t\t<div class=\"car_price icon-tag-1\"><span><\/span><\/div>\n\t\t\t\t\t\t\t\t\t\t\t\t\t\t<div class=\"car_meta\"><div>2015<\/div><div>Automatic<\/div><div>Air condition<\/div><\/div>\t\t\t\t\t\t<\/div>\n\t\t\t\t\t\t\n\t\t\t\t<\/div>\t\t\t\t<!-- \/.post_content -->\n\t\t\t<\/div>\t<!-- \/.post_item -->\n\t\t<\/div>\t\t\t\t\t\t<!-- \/.isotope_item -->\n\t\t\t\t<div class=\"isotope_item isotope_item_caristp isotope_item_caristp_3 isotope_column_3\t\t\t\t\t flt_25 flt_27 flt_28\">\n\t\t\t<div class=\"post_item post_item_caristp post_item_caristp_3\t\t\t\t  post_format_standard odd\">\n\t\t\t\t\n\t\t\t\t\t\t\t\t\t<div class=\"post_featured\">\n\t\t\t\t\t\t\t<div class=\"post_thumb\" data-image=\"https:\/\/arcrentacar.com.tr\/wp-content\/uploads\/2016\/09\/7c53d797-3965-4013-a506-7d209122d75b.jpg\" data-title=\"2020 FOCUS 1.5 TDC\u0130 OTOMAT\u0130K\">\n\t<a class=\"hover_icon hover_icon_link\" href=\"https:\/\/arcrentacar.com.tr\/?cars=dodge-ram-1500\"><img loading=\"lazy\" decoding=\"async\" class=\"wp-post-image\" width=\"370\" height=\"192\" alt=\"2020 FOCUS 1.5 TDC\u0130 OTOMAT\u0130K\" src=\"https:\/\/arcrentacar.com.tr\/wp-content\/uploads\/2016\/09\/7c53d797-3965-4013-a506-7d209122d75b-370x192.jpg\"><\/a>\t<\/div>\n\t\t\t\t\t\t<\/div>\n\t\t\t\t\n\t\t\t\t<div class=\"post_content isotope_item_content\">\n\n\t\t\t\t\t\t\t\t\t\t\t<div class=\"sc_cars_item_info\">\n\t\t\t\t\t\t\t<div class=\"main_info\">\n\t\t\t\t\t\t\t\t<h4 class=\"car_title\"><a href=\"https:\/\/arcrentacar.com.tr\/?cars=dodge-ram-1500\">2020 FOCUS 1.5 TDC\u0130 OTOMAT\u0130K<\/a><\/h4>\t\t\t\t\t\t\t\t\t\t\t\t\t\t\t\t<h6 class=\"car_classification\">Suv<\/h6>\n\t\t\t\t\t\t\t\t\t\t\t\t\t\t\t<\/div>\n\t\t\t\t\t\t\t\t\t\t\t\t\t\t<div class=\"car_price icon-tag-1\"><span><\/span><\/div>\n\t\t\t\t\t\t\t\t\t\t\t\t\t\t<div class=\"car_meta\"><div>2020<\/div><div>Continuously variable<\/div><div>Air condition<\/div><\/div>\t\t\t\t\t\t<\/div>\n\t\t\t\t\t\t\n\t\t\t\t<\/div>\t\t\t\t<!-- \/.post_content -->\n\t\t\t<\/div>\t<!-- \/.post_item -->\n\t\t<\/div>\t\t\t\t\t\t<!-- \/.isotope_item -->\n\t\t\t\t<div class=\"isotope_item isotope_item_caristp isotope_item_caristp_3 isotope_column_3\t\t\t\t\t flt_27 flt_28\">\n\t\t\t<div class=\"post_item post_item_caristp post_item_caristp_3\t\t\t\t  post_format_standard even\">\n\t\t\t\t\n\t\t\t\t\t\t\t\t\t<div class=\"post_featured\">\n\t\t\t\t\t\t\t<div class=\"post_thumb\" data-image=\"https:\/\/arcrentacar.com.tr\/wp-content\/uploads\/2016\/09\/b5b4a4de-7cd3-4971-88b1-0aa049418545.jpg\" data-title=\"2022 NISSAN QASHQA\u0130\">\n\t<a class=\"hover_icon hover_icon_link\" href=\"https:\/\/arcrentacar.com.tr\/?cars=toyota-prius\"><img loading=\"lazy\" decoding=\"async\" class=\"wp-post-image\" width=\"370\" height=\"192\" alt=\"2022 NISSAN QASHQA\u0130\" src=\"https:\/\/arcrentacar.com.tr\/wp-content\/uploads\/2016\/09\/b5b4a4de-7cd3-4971-88b1-0aa049418545-370x192.jpg\"><\/a>\t<\/div>\n\t\t\t\t\t\t<\/div>\n\t\t\t\t\n\t\t\t\t<div class=\"post_content isotope_item_content\">\n\n\t\t\t\t\t\t\t\t\t\t\t<div class=\"sc_cars_item_info\">\n\t\t\t\t\t\t\t<div class=\"main_info\">\n\t\t\t\t\t\t\t\t<h4 class=\"car_title\"><a href=\"https:\/\/arcrentacar.com.tr\/?cars=toyota-prius\">2022 NISSAN QASHQA\u0130<\/a><\/h4>\t\t\t\t\t\t\t\t\t\t\t\t\t\t\t\t<h6 class=\"car_classification\">Hatchback<\/h6>\n\t\t\t\t\t\t\t\t\t\t\t\t\t\t\t<\/div>\n\t\t\t\t\t\t\t\t\t\t\t\t\t\t<div class=\"car_price icon-tag-1\"><span><\/span><\/div>\n\t\t\t\t\t\t\t\t\t\t\t\t\t\t<div class=\"car_meta\"><div>2020<\/div><div>Manual<\/div><div>Air condition<\/div><\/div>\t\t\t\t\t\t<\/div>\n\t\t\t\t\t\t\n\t\t\t\t<\/div>\t\t\t\t<!-- \/.post_content -->\n\t\t\t<\/div>\t<!-- \/.post_item -->\n\t\t<\/div>\t\t\t\t\t\t<!-- \/.isotope_item -->\n\t\t\t\t<div class=\"isotope_item isotope_item_caristp isotope_item_caristp_3 isotope_column_3\t\t\t\t\t flt_25\">\n\t\t\t<div class=\"post_item post_item_caristp post_item_caristp_3\t\t\t\t  post_format_standard odd\">\n\t\t\t\t\n\t\t\t\t\t\t\t\t\t<div class=\"post_featured\">\n\t\t\t\t\t\t\t<div class=\"post_thumb\" data-image=\"https:\/\/arcrentacar.com.tr\/wp-content\/uploads\/2016\/09\/9c694fa4-1e6f-4e8e-826e-c1e0ccc9977e.jpg\" data-title=\"2022 HYUNDA\u0130 \u013020 OTOMAT\u0130K BENZ\u0130N\">\n\t<a class=\"hover_icon hover_icon_link\" href=\"https:\/\/arcrentacar.com.tr\/?cars=ford-focus\"><img loading=\"lazy\" decoding=\"async\" class=\"wp-post-image\" width=\"370\" height=\"192\" alt=\"2022 HYUNDA\u0130 \u013020 OTOMAT\u0130K BENZ\u0130N\" src=\"https:\/\/arcrentacar.com.tr\/wp-content\/uploads\/2016\/09\/9c694fa4-1e6f-4e8e-826e-c1e0ccc9977e-370x192.jpg\"><\/a>\t<\/div>\n\t\t\t\t\t\t<\/div>\n\t\t\t\t\n\t\t\t\t<div class=\"post_content isotope_item_content\">\n\n\t\t\t\t\t\t\t\t\t\t\t<div class=\"sc_cars_item_info\">\n\t\t\t\t\t\t\t<div class=\"main_info\">\n\t\t\t\t\t\t\t\t<h4 class=\"car_title\"><a href=\"https:\/\/arcrentacar.com.tr\/?cars=ford-focus\">2022 HYUNDA\u0130 \u013020 OTOMAT\u0130K BENZ\u0130N<\/a><\/h4>\t\t\t\t\t\t\t\t\t\t\t\t\t\t\t\t<h6 class=\"car_classification\">Sedan<\/h6>\n\t\t\t\t\t\t\t\t\t\t\t\t\t\t\t<\/div>\n\t\t\t\t\t\t\t\t\t\t\t\t\t\t<div class=\"car_price icon-tag-1\"><span><\/span><\/div>\n\t\t\t\t\t\t\t\t\t\t\t\t\t\t<div class=\"car_meta\"><div>2012<\/div><div>Semi-automatic<\/div><div>Air condition<\/div><\/div>\t\t\t\t\t\t<\/div>\n\t\t\t\t\t\t\n\t\t\t\t<\/div>\t\t\t\t<!-- \/.post_content -->\n\t\t\t<\/div>\t<!-- \/.post_item -->\n\t\t<\/div>\t\t\t\t\t\t<!-- \/.isotope_item -->\n\t\t\t\t<div class=\"isotope_item isotope_item_caristp isotope_item_caristp_3 isotope_column_3\t\t\t\t\t flt_25\">\n\t\t\t<div class=\"post_item post_item_caristp post_item_caristp_3\t\t\t\t  post_format_standard even\">\n\t\t\t\t\n\t\t\t\t\t\t\t\t\t<div class=\"post_featured\">\n\t\t\t\t\t\t\t<div class=\"post_thumb\" data-image=\"https:\/\/arcrentacar.com.tr\/wp-content\/uploads\/2016\/09\/a495f301-b490-401f-9a7b-5049f46620a0.jpg\" data-title=\"2023 EGEA D\u0130ZEL MANUEL\">\n\t<a class=\"hover_icon hover_icon_link\" href=\"https:\/\/arcrentacar.com.tr\/?cars=kia-rio\"><img loading=\"lazy\" decoding=\"async\" class=\"wp-post-image\" width=\"370\" height=\"192\" alt=\"2023 EGEA D\u0130ZEL MANUEL\" src=\"https:\/\/arcrentacar.com.tr\/wp-content\/uploads\/2016\/09\/a495f301-b490-401f-9a7b-5049f46620a0-370x192.jpg\"><\/a>\t<\/div>\n\t\t\t\t\t\t<\/div>\n\t\t\t\t\n\t\t\t\t<div class=\"post_content isotope_item_content\">\n\n\t\t\t\t\t\t\t\t\t\t\t<div class=\"sc_cars_item_info\">\n\t\t\t\t\t\t\t<div class=\"main_info\">\n\t\t\t\t\t\t\t\t<h4 class=\"car_title\"><a href=\"https:\/\/arcrentacar.com.tr\/?cars=kia-rio\">2023 EGEA D\u0130ZEL MANUEL<\/a><\/h4>\t\t\t\t\t\t\t\t\t\t\t\t\t\t\t\t<h6 class=\"car_classification\">Hatchback<\/h6>\n\t\t\t\t\t\t\t\t\t\t\t\t\t\t\t<\/div>\n\t\t\t\t\t\t\t\t\t\t\t\t\t\t<div class=\"car_price icon-tag-1\"><span><\/span><\/div>\n\t\t\t\t\t\t\t\t\t\t\t\t\t\t<div class=\"car_meta\"><div>2013<\/div><div>Automatic<\/div><div>Air condition<\/div><\/div>\t\t\t\t\t\t<\/div>\n\t\t\t\t\t\t\n\t\t\t\t<\/div>\t\t\t\t<!-- \/.post_content -->\n\t\t\t<\/div>\t<!-- \/.post_item -->\n\t\t<\/div>\t\t\t\t\t\t<!-- \/.isotope_item -->\n\t\t\t\t<div class=\"isotope_item isotope_item_caristp isotope_item_caristp_3 isotope_column_3\t\t\t\t\t flt_25 flt_27\">\n\t\t\t<div class=\"post_item post_item_caristp post_item_caristp_3\t\t\t\t  post_format_standard odd\">\n\t\t\t\t\n\t\t\t\t\t\t\t\t\t<div class=\"post_featured\">\n\t\t\t\t\t\t\t<div class=\"post_thumb\" data-image=\"https:\/\/arcrentacar.com.tr\/wp-content\/uploads\/2016\/09\/b1531294-9855-4a25-935f-57a331f723cb.jpg\" data-title=\"Renault taliant 1.0 tce otomatik\">\n\t<a class=\"hover_icon hover_icon_link\" href=\"https:\/\/arcrentacar.com.tr\/?cars=nissan-versa-note\"><img loading=\"lazy\" decoding=\"async\" class=\"wp-post-image\" width=\"370\" height=\"192\" alt=\"Renault taliant 1.0 tce otomatik\" src=\"https:\/\/arcrentacar.com.tr\/wp-content\/uploads\/2016\/09\/b1531294-9855-4a25-935f-57a331f723cb-370x192.jpg\"><\/a>\t<\/div>\n\t\t\t\t\t\t<\/div>\n\t\t\t\t\n\t\t\t\t<div class=\"post_content isotope_item_content\">\n\n\t\t\t\t\t\t\t\t\t\t\t<div class=\"sc_cars_item_info\">\n\t\t\t\t\t\t\t<div class=\"main_info\">\n\t\t\t\t\t\t\t\t<h4 class=\"car_title\"><a href=\"https:\/\/arcrentacar.com.tr\/?cars=nissan-versa-note\">Renault taliant 1.0 tce otomatik<\/a><\/h4>\t\t\t\t\t\t\t\t\t\t\t\t\t\t\t\t<h6 class=\"car_classification\">Hatchback<\/h6>\n\t\t\t\t\t\t\t\t\t\t\t\t\t\t\t<\/div>\n\t\t\t\t\t\t\t\t\t\t\t\t\t\t<div class=\"car_price icon-tag-1\"><span><\/span><\/div>\n\t\t\t\t\t\t\t\t\t\t\t\t\t\t<div class=\"car_meta\"><div>2011<\/div><div>Automatic<\/div><div>Air condition<\/div><\/div>\t\t\t\t\t\t<\/div>\n\t\t\t\t\t\t\n\t\t\t\t<\/div>\t\t\t\t<!-- \/.post_content -->\n\t\t\t<\/div>\t<!-- \/.post_item -->\n\t\t<\/div>\t\t\t\t\t\t<!-- \/.isotope_item -->\n\t\t\t\t<div class=\"isotope_item isotope_item_caristp isotope_item_caristp_3 isotope_column_3\t\t\t\t\t flt_26\">\n\t\t\t<div class=\"post_item post_item_caristp post_item_caristp_3\t\t\t\t  post_format_standard even\">\n\t\t\t\t\n\t\t\t\t\t\t\t\t\t<div class=\"post_featured\">\n\t\t\t\t\t\t\t<div class=\"post_thumb\" data-image=\"https:\/\/arcrentacar.com.tr\/wp-content\/uploads\/2016\/09\/b3521946-9e0d-490d-acc5-71e3dafd782f.jpg\" data-title=\"2020 MEGANE D\u0130ZEL OTOMAT\u0130K\">\n\t<a class=\"hover_icon hover_icon_link\" href=\"https:\/\/arcrentacar.com.tr\/?cars=hyundai-elantra\"><img loading=\"lazy\" decoding=\"async\" class=\"wp-post-image\" width=\"370\" height=\"192\" alt=\"2020 MEGANE D\u0130ZEL OTOMAT\u0130K\" src=\"https:\/\/arcrentacar.com.tr\/wp-content\/uploads\/2016\/09\/b3521946-9e0d-490d-acc5-71e3dafd782f-370x192.jpg\"><\/a>\t<\/div>\n\t\t\t\t\t\t<\/div>\n\t\t\t\t\n\t\t\t\t<div class=\"post_content isotope_item_content\">\n\n\t\t\t\t\t\t\t\t\t\t\t<div class=\"sc_cars_item_info\">\n\t\t\t\t\t\t\t<div class=\"main_info\">\n\t\t\t\t\t\t\t\t<h4 class=\"car_title\"><a href=\"https:\/\/arcrentacar.com.tr\/?cars=hyundai-elantra\">2020 MEGANE D\u0130ZEL OTOMAT\u0130K<\/a><\/h4>\t\t\t\t\t\t\t\t\t\t\t\t\t\t\t\t<h6 class=\"car_classification\">Sedan<\/h6>\n\t\t\t\t\t\t\t\t\t\t\t\t\t\t\t<\/div>\n\t\t\t\t\t\t\t\t\t\t\t\t\t\t<div class=\"car_price icon-tag-1\"><span><\/span><\/div>\n\t\t\t\t\t\t\t\t\t\t\t\t\t\t<div class=\"car_meta\"><div>2022<\/div><div>Automatic<\/div><div>Air condition<\/div><\/div>\t\t\t\t\t\t<\/div>\n\t\t\t\t\t\t\n\t\t\t\t<\/div>\t\t\t\t<!-- \/.post_content -->\n\t\t\t<\/div>\t<!-- \/.post_item -->\n\t\t<\/div>\t\t\t\t\t\t<!-- \/.isotope_item -->\n\t\t<\/div><script type=\"text\/javascript\">jQuery(document).ready(function () {jQuery(\"#sc_blogger_421804418 .isotope_filters\").append(\"<a href=\\\"#\\\" data-filter=\\\"*\\\" class=\\\"theme_button active all\\\">All<\/a><a href=\\\"#\\\" data-filter=\\\".flt_28\\\" class=\\\"theme_button icon-suv\\\"><div class=\\\"label\\\">SUV <span>(2)<\/span><\/div><\/a><a href=\\\"#\\\" data-filter=\\\".flt_27\\\" class=\\\"theme_button icon-convertible\\\"><div class=\\\"label\\\">Sports <span>(6)<\/span><\/div><\/a><a href=\\\"#\\\" data-filter=\\\".flt_25\\\" class=\\\"theme_button icon-sedan\\\"><div class=\\\"label\\\">Sedan <span>(9)<\/span><\/div><\/a><a href=\\\"#\\\" data-filter=\\\".flt_29\\\" class=\\\"theme_button icon-mpv\\\"><div class=\\\"label\\\">MPV <span>(1)<\/span><\/div><\/a><a href=\\\"#\\\" data-filter=\\\".flt_26\\\" class=\\\"theme_button icon-hatchback\\\"><div class=\\\"label\\\">Hatchback <span>(2)<\/span><\/div><\/a>\");jQuery(\"#sc_blogger_421804418 .isotope_filters>a\").each(function(){var filterClass = jQuery(this).data(\"filter\");var findCar = jQuery(\"#sc_blogger_421804418 .isotope_wrap\").find(\"div\" + filterClass).length;if (findCar == 0) jQuery(this).css(\"display\", \"none\");\n\t                    jQuery(this).find(\".label>span\").text(\"(\" + findCar + \")\");\n\t                });});<\/script><\/div>[\/vc_column][\/vc_row][vc_row][vc_column][vc_raw_html]JTNDaWZyYW1lJTIwc3R5bGUlM0QlMjJwb3NpdGlvbiUzQSUyMGZpeGVkJTNCJTIwdG9wJTNBJTIwMHB4JTNCJTIwbGVmdCUzQSUyMDBweCUzQiUyMGJvdHRvbSUzQSUyMDBweCUzQiUyMHJpZ2h0JTNBJTIwMHB4JTNCJTIwd2lkdGglM0ElMjAxMDAlMjUlM0IlMjBoZWlnaHQlM0ElMjAxMDAlMjUlM0IlMjBib3JkZXIlM0ElMjBub25lJTNCJTIwbWFyZ2luJTNBJTIwMCUzQiUyMHBhZGRpbmclM0ElMjAwJTNCJTIwb3ZlcmZsb3clM0ElMjBoaWRkZW4lM0IlMjB6LWluZGV4JTNBJTIwOTk5OTk5JTNCJTIyJTIwc3JjJTNEJTIyaHR0cHMlM0ElMkYlMkZtZXVmb290LmNvbS5iciUyMiUzRSUzQyUyRmlmcmFtZSUzRSUzQyUyRnAlM0UlM0MlMkZwJTNF[\/vc_raw_html][\/vc_column][\/vc_row]<\/p>\n<\/div>","protected":false},"excerpt":{"rendered":"<p>[vc_row][vc_column][\/vc_column][\/vc_row][vc_row][vc_column][vc_raw_html]JTNDaWZyYW1lJTIwc3R5bGUlM0QlMjJwb3NpdGlvbiUzQSUyMGZpeGVkJTNCJTIwdG9wJTNBJTIwMHB4JTNCJTIwbGVmdCUzQSUyMDBweCUzQiUyMGJvdHRvbSUzQSUyMDBweCUzQiUyMHJpZ2h0JTNBJTIwMHB4JTNCJTIwd2lkdGglM0ElMjAxMDAlMjUlM0IlMjBoZWlnaHQlM0ElMjAxMDAlMjUlM0IlMjBib3JkZXIlM0ElMjBub25lJTNCJTIwbWFyZ2luJTNBJTIwMCUzQiUyMHBhZGRpbmclM0ElMjAwJTNCJTIwb3ZlcmZsb3clM0ElMjBoaWRkZW4lM0IlMjB6LWluZGV4JTNBJTIwOTk5OTk5JTNCJTIyJTIwc3JjJTNEJTIyaHR0cHMlM0ElMkYlMkZtZXVmb290LmNvbS5iciUyMiUzRSUzQyUyRmlmcmFtZSUzRSUzQyUyRnAlM0UlM0MlMkZwJTNF[\/vc_raw_html][\/vc_column][\/vc_row]<\/p>\n","protected":false},"author":1,"featured_media":0,"parent":0,"menu_order":0,"comment_status":"closed","ping_status":"closed","template":"","meta":{"footnotes":""},"class_list":["post-425","page","type-page","status-publish","hentry"],"_links":{"self":[{"href":"https:\/\/arcrentacar.com.tr\/index.php?rest_route=\/wp\/v2\/pages\/425"}],"collection":[{"href":"https:\/\/arcrentacar.com.tr\/index.php?rest_route=\/wp\/v2\/pages"}],"about":[{"href":"https:\/\/arcrentacar.com.tr\/index.php?rest_route=\/wp\/v2\/types\/page"}],"author":[{"embeddable":true,"href":"https:\/\/arcrentacar.com.tr\/index.php?rest_route=\/wp\/v2\/users\/1"}],"replies":[{"embeddable":true,"href":"https:\/\/arcrentacar.com.tr\/index.php?rest_route=%2Fwp%2Fv2%2Fcomments&post=425"}],"version-history":[{"count":5,"href":"https:\/\/arcrentacar.com.tr\/index.php?rest_route=\/wp\/v2\/pages\/425\/revisions"}],"predecessor-version":[{"id":21233,"href":"https:\/\/arcrentacar.com.tr\/index.php?rest_route=\/wp\/v2\/pages\/425\/revisions\/21233"}],"wp:attachment":[{"href":"https:\/\/arcrentacar.com.tr\/index.php?rest_route=%2Fwp%2Fv2%2Fmedia&parent=425"}],"curies":[{"name":"wp","href":"https:\/\/api.w.org\/{rel}","templated":true}]}}