{"id":195,"date":"2016-08-30T15:36:50","date_gmt":"2016-08-30T15:36:50","guid":{"rendered":"https:\/\/arcrentacar.com.tr\/?page_id=195"},"modified":"2023-12-06T16:01:46","modified_gmt":"2023-12-06T13:01:46","slug":"about-style-2","status":"publish","type":"page","link":"https:\/\/arcrentacar.com.tr\/?page_id=195","title":{"rendered":"Arc Rent A Car"},"content":{"rendered":"<div class=\"wpb-content-wrapper\"><p>[vc_row full_width=&#8221;stretch_row_content_no_spaces&#8221; css=&#8221;.vc_custom_1472809257034{background-color: #f2f2f2 !important;}&#8221;][vc_column width=&#8221;1\/2&#8243;]<div class=\"sc_section margin_right_medium margin_bottom_null alignright column-4_7\"><div class=\"sc_section_inner\"><div class=\"sc_section_content_wrap\">[vc_empty_space height=&#8221;1.9em&#8221;]<h2 class=\"sc_title sc_title_regular margin_top_large margin_bottom_medium\">Neden Arc Transfer ?<\/h2><div class=\"columns_wrap sc_columns columns_nofluid sc_columns_count_7\"><div class=\"column-3_7 sc_column_item sc_column_item_1 odd first span_3\">[vc_empty_space height=&#8221;1.4em&#8221;]<div class=\"sc_section margin_top_tiny\"><div class=\"sc_section_inner\"><div class=\"sc_section_content_wrap\"><span class=\"sc_icon icon-ok alignleft margin_top_null margin_right_tiny margin_bottom_null\" style=\"display:block;color:#e95f2b;\"><\/span><span class=\"sc_highlight\" style=\"font-size:1.143em; line-height: 1em;\">L\u00fcks Ara\u00e7lar<\/span><\/div><\/div><\/div>[vc_empty_space height=&#8221;0.6em&#8221;]<div class=\"sc_section margin_top_tiny\"><div class=\"sc_section_inner\"><div class=\"sc_section_content_wrap\"><span class=\"sc_icon icon-ok alignleft margin_top_null margin_right_tiny margin_bottom_null\" style=\"display:block;color:#e95f2b;\"><\/span><span class=\"sc_highlight\" style=\"font-size:1.143em; line-height: 1em;\">Son Model<\/span><\/div><\/div><\/div>[vc_empty_space height=&#8221;0.6em&#8221;]<div class=\"sc_section margin_top_tiny\"><div class=\"sc_section_inner\"><div class=\"sc_section_content_wrap\"><span class=\"sc_icon icon-ok alignleft margin_top_null margin_right_tiny margin_bottom_null\" style=\"display:block;color:#e95f2b;\"><\/span><span class=\"sc_highlight\" style=\"font-size:1.143em; line-height: 1em;\">Usta \u015e\u00f6f\u00f6rler<\/span><\/div><\/div><\/div>[vc_empty_space height=&#8221;0.6em&#8221;]<div class=\"sc_section margin_top_tiny margin_bottom_large\"><div class=\"sc_section_inner\"><div class=\"sc_section_content_wrap\"><span class=\"sc_icon icon-ok alignleft margin_top_null margin_right_tiny margin_bottom_null\" style=\"display:block;color:#e95f2b;\"><\/span><span class=\"sc_highlight\" style=\"font-size:1.143em; line-height: 1em;\">24 \/ 7 Ekonomik Transfer<\/span><\/div><\/div><\/div><\/div><div class=\"column-4_7 sc_column_item sc_column_item_4 even span_4 after_span_3\"><figure class=\"sc_image  alignleft sc_image_shape_square margin_top_null margin_right_null margin_bottom_medium margin_left_null\"><img decoding=\"async\" src=\"https:\/\/arcrentacar.com.tr\/wp-content\/uploads\/2023\/12\/vip-arac.png\" alt=\"\" \/><\/figure><\/div><\/div><a href=\"\/vehicles\/\" class=\"sc_button sc_button_square sc_button_style_filled sc_button_size_small sc_button_style_dark margin_top_tiny- margin_bottom_huge\" style=\"color:#ffffff;\">transfer arac\u0131 talep et<\/a><\/div><\/div><\/div>[\/vc_column][vc_column width=&#8221;1\/2&#8243; css=&#8221;.vc_custom_1473059450910{padding-left: 13px !important;}&#8221;]<div id=\"sc_call_to_action_1708491966\" class=\"sc_call_to_action sc_call_to_action_style_1 sc_call_to_action_align_center\" style=\"width:100%;\"><div class=\"sc_call_to_action_featured\"><img loading=\"lazy\" decoding=\"async\" class=\"wp-post-image\" width=\"945\" height=\"418\" alt=\"shutterstock_1704541663.webp\" src=\"https:\/\/arcrentacar.com.tr\/wp-content\/uploads\/2023\/12\/shutterstock_1704541663-945x418.webp\"><\/div><div class=\"sc_call_to_action_info\"><h2 class=\"sc_call_to_action_title sc_item_title sc_item_title_without_descr\">ARC TRANSFER & RENT A CAR<\/h2><div class=\"sc_call_to_action_buttons sc_item_buttons\"><div class=\"sc_call_to_action_button sc_item_button\"><a href=\"\/about\/\" class=\"sc_button sc_button_square sc_button_style_filled sc_button_size_large sc_button_style_dark\">detaylar<\/a><\/div><\/div><\/div><\/div>[\/vc_column][\/vc_row][vc_row inverse=&#8221;&#8221; css=&#8221;.vc_custom_1680240815341{margin-top: 6rem !important;margin-bottom: 4rem !important;}&#8221;][vc_column width=&#8221;5\/12&#8243;]<div id=\"sc_testimonials_1436087521\" class=\"sc_testimonials sc_testimonials_style_testimonials-1  margin_bottom_small\" style=\"width:100%;\"><div class=\"sc_slider_swiper swiper-slider-container sc_slider_nopagination sc_slider_nocontrols\" data-interval=\"7680\" data-slides-min-width=\"250\"><div class=\"slides swiper-wrapper\"><div class=\"swiper-slide\" data-style=\"width:100%;\" style=\"width:100%;\">\t\t\t<div id=\"sc_testimonials_1436087521_1\" class=\"sc_testimonial_item\">\n\t\t\t\t\t\t\t\t<div class=\"sc_testimonial_content\"><p>Almanya'dan Antalya 'ya tatil i\u00e7in geldi\u011fimizde otelimiz biraz uzakt\u0131. O y\u00fczden transfer aray\u015f\u0131nda Arc 'yi tercih ettik. Ara\u00e7 \u00e7ok l\u00fcks ve \u015f\u00f6f\u00f6r i\u015finde ger\u00e7ekten \u00e7ok iyiydi. Te\u015fekk\u00fcrler.<\/p>\n<\/div>\n\t\t\t\t\t\t\t\t<div class=\"sc_testimonial_author\"><span class=\"sc_testimonial_author_name\">Ay\u015feg\u00fcl Ertan<\/span><\/div>\n\t\t\t\t\t\t\t<\/div>\n\t\t<\/div><div class=\"swiper-slide\" data-style=\"width:100%;\" style=\"width:100%;\">\t\t\t<div id=\"sc_testimonials_1436087521_2\" class=\"sc_testimonial_item\">\n\t\t\t\t\t\t\t\t<div class=\"sc_testimonial_content\"><p>1 Haftal\u0131k ara\u00e7 kiralad\u0131m. Hi\u00e7bir sorun ya\u015famad\u0131m. Son model bir arac\u0131n b\u00f6yle ekonomik kiralanaca\u011f\u0131n\u0131 d\u00fc\u015f\u00fcnmezdim.<\/p>\n<\/div>\n\t\t\t\t\t\t\t\t<div class=\"sc_testimonial_author\"><span class=\"sc_testimonial_author_name\">Ahmet \u00d6zdilek<\/span><\/div>\n\t\t\t\t\t\t\t<\/div>\n\t\t<\/div><\/div><div class=\"sc_slider_controls_wrap\"><a class=\"sc_slider_prev\" href=\"#\"><\/a><a class=\"sc_slider_next\" href=\"#\"><\/a><\/div><div class=\"sc_slider_pagination_wrap\"><\/div><\/div><\/div>[\/vc_column][vc_column width=&#8221;1\/12&#8243;][\/vc_column][vc_column width=&#8221;1\/2&#8243;]<h2 class=\"sc_title sc_title_regular margin_top_null margin_bottom_large\"><strong>VIP TRANSFER H\u0130ZMET\u0130<\/strong><\/h2>[vc_empty_space height=&#8221;0.4em&#8221;][vc_column_text]M\u00fc\u015fteri odakl\u0131, gen\u00e7 ve yenilik\u00e7i yap\u0131ya sahip bir rent a car firmas\u0131d\u0131r. Firmam\u0131z son teknoloji imkanlar\u0131n\u0131 kullanarak kaliteli ve dinamik web sitesi \u00fczerinden misafirlerine en ekonomik kiralama \u015fartlar\u0131 sunmaktad\u0131r. T\u00fcrkiyenin en se\u00e7kin bankalar\u0131 ile \u00e7al\u0131\u015fan acentemiz t\u00fcm kredi kartlar\u0131na taksit imkan\u0131 ile misafirlerimize uygun \u015fartlarda Vip Transfer ve arac kiralama f\u0131rsat\u0131 sunmaktad\u0131r.<\/p>\n<p>Teknoloji odakl\u0131 pazarlama kanallar\u0131yla hizmet a\u011f\u0131m\u0131z\u0131 vazge\u00e7ilemez hale getirmenin yan\u0131 s\u0131ra, rahat ve konforlu ula\u015f\u0131m\u0131n \u00f6nemli isimlerinden olan siz de\u011ferli misafirlerinin \u00f6zel avantajlar elde etmesini sa\u011flam\u0131\u015f bulunmaktay\u0131z. T\u00fcm Turkiyede kaliteli hizmeti sunmak gayretindeyiz.<\/p>\n<p><strong>Misyonumuz<\/strong><\/p>\n<p>Rent A Car sekt\u00f6runde yeni ve yarat\u0131c\u0131 \u00e7\u00f6z\u00fcmler bulmay\u0131,sosyal projelere destek vermeyi,istihdam sa\u011flayan \u00f6rnek firma olmay\u0131 ve teknolojik altyap\u0131s\u0131n\u0131 iyile\u015ftirmeyi misyon edinmi\u015ftir.<\/p>\n<p><strong>Fark\u0131m\u0131z<br \/>\n<\/strong><br \/>\nSadece Turizm ve Rent A Car sekt\u00f6r\u00fcne hizmet vermekteyiz.Turizm realitelerine uygun ve fayda yaratan hizmetler planlar\u0131z. \u00d6zel tercihlere \u00e7abuk cevap veririz. Fiyat anlam\u0131nda ayn\u0131 kalite, en uygun fiyat \u00f6nceli\u011fimizdir.[\/vc_column_text]<a href=\"\/about-style-2\/\" class=\"sc_button sc_button_square sc_button_style_filled sc_button_size_small sc_button_style_dark margin_top_large\">F\u0130YAT \u0130STE<\/a>[\/vc_column][\/vc_row][vc_row full_width=&#8221;stretch_row&#8221; css=&#8221;.vc_custom_1472555251114{background-image: url(https:\/\/arcrentacar.com.tr\/wp-content\/uploads\/2016\/08\/bg4.jpg?id=166) !important;}&#8221;][vc_column]<div  class=\"sc_intro\"><div class=\"sc_intro_inner  sc_intro_style_2\"><div class=\"sc_intro_content\"><h2 class=\"sc_intro_title\">Bu aya \u00f6zel 30%<br \/>\nindirim zaman\u0131<\/h2><div class=\"sc_intro_descr\">Vip Transfer hizmetlerinde ge\u00e7erlidir.<\/div><div class=\"sc_intro_buttons sc_item_buttons\"><div class=\"sc_intro_button sc_item_button\"><a href=\"https:\/\/arcrentacar.com.tr\/?page_id=158\" target=\"_blank\" class=\"sc_button sc_button_square sc_button_style_filled sc_button_size_large  sc_button_iconed icon-apple\">Yerinizi Ay\u0131rt\u0131n<\/a><\/div><\/div><\/div><\/div><\/div>[\/vc_column][\/vc_row]<\/p>\n<\/div>","protected":false},"excerpt":{"rendered":"<p>[vc_row full_width=&#8221;stretch_row_content_no_spaces&#8221; css=&#8221;.vc_custom_1472809257034{background-color: #f2f2f2 !important;}&#8221;][vc_column width=&#8221;1\/2&#8243;][\/vc_column][vc_column width=&#8221;1\/2&#8243; css=&#8221;.vc_custom_1473059450910{padding-left: 13px !important;}&#8221;][\/vc_column][\/vc_row][vc_row inverse=&#8221;&#8221; css=&#8221;.vc_custom_1680240815341{margin-top: 6rem !important;margin-bottom: 4rem !important;}&#8221;][vc_column width=&#8221;5\/12&#8243;][\/vc_column][vc_column width=&#8221;1\/12&#8243;][\/vc_column][vc_column width=&#8221;1\/2&#8243;][vc_empty_space height=&#8221;0.4em&#8221;][vc_column_text]M\u00fc\u015fteri odakl\u0131, gen\u00e7 ve yenilik\u00e7i yap\u0131ya sahip bir rent a car firmas\u0131d\u0131r. Firmam\u0131z son teknoloji imkanlar\u0131n\u0131 kullanarak kaliteli ve dinamik web sitesi \u00fczerinden misafirlerine en ekonomik kiralama \u015fartlar\u0131 sunmaktad\u0131r. T\u00fcrkiyenin en se\u00e7kin bankalar\u0131 ile \u00e7al\u0131\u015fan acentemiz [&hellip;]<\/p>\n","protected":false},"author":1,"featured_media":0,"parent":0,"menu_order":0,"comment_status":"closed","ping_status":"closed","template":"","meta":{"footnotes":""},"class_list":["post-195","page","type-page","status-publish","hentry"],"_links":{"self":[{"href":"https:\/\/arcrentacar.com.tr\/index.php?rest_route=\/wp\/v2\/pages\/195"}],"collection":[{"href":"https:\/\/arcrentacar.com.tr\/index.php?rest_route=\/wp\/v2\/pages"}],"about":[{"href":"https:\/\/arcrentacar.com.tr\/index.php?rest_route=\/wp\/v2\/types\/page"}],"author":[{"embeddable":true,"href":"https:\/\/arcrentacar.com.tr\/index.php?rest_route=\/wp\/v2\/users\/1"}],"replies":[{"embeddable":true,"href":"https:\/\/arcrentacar.com.tr\/index.php?rest_route=%2Fwp%2Fv2%2Fcomments&post=195"}],"version-history":[{"count":16,"href":"https:\/\/arcrentacar.com.tr\/index.php?rest_route=\/wp\/v2\/pages\/195\/revisions"}],"predecessor-version":[{"id":10203,"href":"https:\/\/arcrentacar.com.tr\/index.php?rest_route=\/wp\/v2\/pages\/195\/revisions\/10203"}],"wp:attachment":[{"href":"https:\/\/arcrentacar.com.tr\/index.php?rest_route=%2Fwp%2Fv2%2Fmedia&parent=195"}],"curies":[{"name":"wp","href":"https:\/\/api.w.org\/{rel}","templated":true}]}}