{"id":1022,"date":"2019-02-28T09:20:07","date_gmt":"2019-02-28T09:20:07","guid":{"rendered":"https:\/\/arcrentacar.com.tr\/?page_id=1022"},"modified":"2023-12-06T15:57:39","modified_gmt":"2023-12-06T12:57:39","slug":"service-plus","status":"publish","type":"page","link":"https:\/\/arcrentacar.com.tr\/?page_id=1022","title":{"rendered":"Vip Transfer Hizmetleri"},"content":{"rendered":"<div class=\"wpb-content-wrapper\"><p>[vc_row][vc_column][vc_column_text]<\/p>\n<h2>Antalya Transfer Hizmetleri,<\/h2>\n<p>Antalya Havaliman\u0131na konforlu ve g\u00fcvenli \u015fekilde gitmek isteyen se\u00e7kin m\u00fc\u015fterilerimiz i\u00e7in\u00a0<strong>havaliman\u0131 transfer<\/strong>\u00a0hizmeti vermekteyiz.Antalya \u2018ya 23 milyondan fazla n\u00fcfusu bulunan ve her y\u0131l milyonlarca turisti a\u011f\u0131rlayan D\u00fcnya\u2019n\u0131n en b\u00fcy\u00fck turizm \u015fehirlerindendir. Hava trafi\u011fi D\u00fcnya ortalamas\u0131 \u00fczerinde bulunan bir ka\u00e7 \u015fehirden bir tanesidir.<\/p>\n<p>\u00d6zellikle yaz aylar\u0131n\u0131n gelmesi ile birlikte d\u00fcnyan\u0131n her yerinden gelen misafirler ile Antalya havaliman\u0131 odak merkezi haline geliyor. Bu nedenle\u00a0<strong>Antalya havaliman\u0131<\/strong>\u00a0kapsam\u0131nda hizmet veren ara\u00e7 kiralama firmas\u0131 gelen misafirlerin ara\u00e7 ihtiya\u00e7lar\u0131n\u0131 kendi belirledikleri kriterlere g\u00f6re hizmet olarak sunuyor.<\/p>\n<p>Hem yabanc\u0131 hem de yerli turistler i\u00e7in tatillerini Antalya\u2019da ge\u00e7irdikleri s\u00fcre i\u00e7erisinde Antalya\u2019n\u0131n g\u00fczelliklerini \u00f6zg\u00fcrce ya\u015famalar\u0131 i\u00e7in ara\u00e7 kiralama hizmetleri \u00f6ne \u00e7\u0131k\u0131yor. Firman\u0131n sunmu\u015f oldu\u011fu hizmetlerin yan\u0131 s\u0131ra ara\u00e7 filosunun zengin olmas\u0131 bir\u00e7ok misafire odakl\u0131 bir hizmet anlay\u0131\u015f\u0131n\u0131n g\u00f6stergesi olarak dikkat \u00e7ekiyor.<\/p>\n<p>Havaliman\u0131 transfer hizmeti, yolculuk esnas\u0131nda havaliman\u0131ndan otel ya da istedi\u011finiz yere g\u00fcvenli ve konforlu bir \u015fekilde ula\u015fman\u0131z\u0131 sa\u011flar. Bu hizmet, genellikle \u00f6zel arabalar veya turizm firmalar\u0131 taraf\u0131ndan sa\u011flan\u0131r. Havaliman\u0131 transfer hizmeti ayr\u0131ca havaliman\u0131ndan \u015fehir merkezine veya tatil beldelerine de ula\u015f\u0131m\u0131 kolayla\u015ft\u0131r\u0131r. Bu hizmeti kullanarak, yolculu\u011funuzdan \u00f6nce rezervasyon yapt\u0131rarak yolculu\u011funuzu daha da konforlu hale getirebilirsiniz.[\/vc_column_text][vc_empty_space height=&#8221;3em&#8221; alter_height=&#8221;none&#8221; hide_on_mobile=&#8221;3,2&#8243;][vc_empty_space height=&#8221;2.9em&#8221; alter_height=&#8221;none&#8221; hide_on_mobile=&#8221;1&#8243;][\/vc_column][\/vc_row][vc_row][vc_column][vc_column_text][\/vc_column_text][\/vc_column][\/vc_row][vc_row][vc_column][vc_gallery type=&#8221;nivo&#8221; interval=&#8221;0&#8243; images=&#8221;10155,10156,10157,10158,10159,10160,10161,10162,10163,10164,10165,10166,10167,10168,10169,10170&#8243; img_size=&#8221;full&#8221;][\/vc_column][\/vc_row]<\/p>\n<\/div>","protected":false},"excerpt":{"rendered":"<p>[vc_row][vc_column][vc_column_text] Antalya Transfer Hizmetleri, Antalya Havaliman\u0131na konforlu ve g\u00fcvenli \u015fekilde gitmek isteyen se\u00e7kin m\u00fc\u015fterilerimiz i\u00e7in\u00a0havaliman\u0131 transfer\u00a0hizmeti vermekteyiz.Antalya \u2018ya 23 milyondan fazla n\u00fcfusu bulunan ve her y\u0131l milyonlarca turisti a\u011f\u0131rlayan D\u00fcnya\u2019n\u0131n en b\u00fcy\u00fck turizm \u015fehirlerindendir. Hava trafi\u011fi D\u00fcnya ortalamas\u0131 \u00fczerinde bulunan bir ka\u00e7 \u015fehirden bir tanesidir. \u00d6zellikle yaz aylar\u0131n\u0131n gelmesi ile birlikte d\u00fcnyan\u0131n her yerinden gelen [&hellip;]<\/p>\n","protected":false},"author":1,"featured_media":0,"parent":0,"menu_order":0,"comment_status":"closed","ping_status":"closed","template":"","meta":{"footnotes":""},"class_list":["post-1022","page","type-page","status-publish","hentry"],"_links":{"self":[{"href":"https:\/\/arcrentacar.com.tr\/index.php?rest_route=\/wp\/v2\/pages\/1022"}],"collection":[{"href":"https:\/\/arcrentacar.com.tr\/index.php?rest_route=\/wp\/v2\/pages"}],"about":[{"href":"https:\/\/arcrentacar.com.tr\/index.php?rest_route=\/wp\/v2\/types\/page"}],"author":[{"embeddable":true,"href":"https:\/\/arcrentacar.com.tr\/index.php?rest_route=\/wp\/v2\/users\/1"}],"replies":[{"embeddable":true,"href":"https:\/\/arcrentacar.com.tr\/index.php?rest_route=%2Fwp%2Fv2%2Fcomments&post=1022"}],"version-history":[{"count":7,"href":"https:\/\/arcrentacar.com.tr\/index.php?rest_route=\/wp\/v2\/pages\/1022\/revisions"}],"predecessor-version":[{"id":10202,"href":"https:\/\/arcrentacar.com.tr\/index.php?rest_route=\/wp\/v2\/pages\/1022\/revisions\/10202"}],"wp:attachment":[{"href":"https:\/\/arcrentacar.com.tr\/index.php?rest_route=%2Fwp%2Fv2%2Fmedia&parent=1022"}],"curies":[{"name":"wp","href":"https:\/\/api.w.org\/{rel}","templated":true}]}}